{"id":8021,"date":"2023-08-09T12:25:23","date_gmt":"2023-08-09T10:25:23","guid":{"rendered":"https:\/\/urivabo.be\/?page_id=8021"},"modified":"2023-08-30T16:24:41","modified_gmt":"2023-08-30T14:24:41","slug":"condition-generale-dutilisation","status":"publish","type":"page","link":"https:\/\/urivabo.be\/en\/condition-generale-dutilisation\/","title":{"rendered":"Condition G\u00e9n\u00e9rale d&#8217;utilisation"},"content":{"rendered":"<div data-elementor-type=\"wp-page\" data-elementor-id=\"8021\" class=\"elementor elementor-8021\">\n\t\t\t\t        <section class=\"elementor-section elementor-top-section elementor-element elementor-element-a9194e2 pxl-page-has-bg elementor-section-boxed elementor-section-height-default elementor-section-height-default pxl-row-scroll-none pxl-show-grid-none pxl-section-bg-none\" data-id=\"a9194e2\" data-element_type=\"section\">\n\n                \n                <div class=\"elementor-container elementor-column-gap-default\">\n                    <div class=\"elementor-row\">\n                <div class=\"elementor-column elementor-col-100 elementor-top-column elementor-element elementor-element-9aa725a pxl-column-none\" data-id=\"9aa725a\" data-element_type=\"column\">\r\n            <div class=\"elementor-column-wrap elementor-element-populated\">\r\n                                        <div class=\"elementor-widget-wrap\">\r\n                \t\t<div class=\"elementor-element elementor-element-8447481 elementor-widget elementor-widget-pxl_heading\" data-id=\"8447481\" data-element_type=\"widget\" data-widget_type=\"pxl_heading.default\">\n\t\t\t\t<div class=\"elementor-widget-container\">\n\t\t\t\t\t<div class=\"pxl-heading\">\n\t<div class=\"pxl-heading--inner\">\n\t\t\t\t<h2 class=\"pxl-item--title style1 divider-none pxl-split-text split-in-left\" data-wow-delay=\"ms\" data-wow-duration=\"1.2s\">\n\t\t\tCondition G\u00e9n\u00e9rale d&#8217;utilisation\t\t\t\t\t<\/h2>\n\t<\/div>\n<\/div>\n\t\t\t\t<\/div>\n\t\t\t\t<\/div>\n\t\t\t\t\t<\/div>\n\t\t<\/div>\n\t\t\t\t\t<\/div>\n\t\t<\/section>\n\t\t        <section class=\"elementor-section elementor-top-section elementor-element elementor-element-1496cec elementor-section-boxed elementor-section-height-default elementor-section-height-default pxl-row-scroll-none pxl-show-grid-none pxl-section-bg-none\" data-id=\"1496cec\" data-element_type=\"section\">\n\n                \n                <div class=\"elementor-container elementor-column-gap-default\">\n                    <div class=\"elementor-row\">\n                <div class=\"elementor-column elementor-col-100 elementor-top-column elementor-element elementor-element-36c18a0 pxl-column-none\" data-id=\"36c18a0\" data-element_type=\"column\">\r\n            <div class=\"elementor-column-wrap elementor-element-populated\">\r\n                                        <div class=\"elementor-widget-wrap\">\r\n                \t\t<div class=\"elementor-element elementor-element-3cacbf7 elementor-widget elementor-widget-pxl_heading\" data-id=\"3cacbf7\" data-element_type=\"widget\" data-widget_type=\"pxl_heading.default\">\n\t\t\t\t<div class=\"elementor-widget-container\">\n\t\t\t\t\t<div class=\"pxl-heading\">\n\t<div class=\"pxl-heading--inner\">\n\t\t\t\t<h2 class=\"pxl-item--title style1 divider-none\" data-wow-delay=\"ms\" data-wow-duration=\"1.2s\">\n\t\t\tGestion des cookies\t\t\t\t\t<\/h2>\n\t<\/div>\n<\/div>\n\t\t\t\t<\/div>\n\t\t\t\t<\/div>\n\t\t\t\t<div class=\"elementor-element elementor-element-40f29f5 elementor-widget elementor-widget-pxl_text_editor\" data-id=\"40f29f5\" data-element_type=\"widget\" data-widget_type=\"pxl_text_editor.default\">\n\t\t\t\t<div class=\"elementor-widget-container\">\n\t\t\t\t\t<div class=\"pxl-text-editor\" data-wow-delay=\"ms\" data-wow-duration=\"1.2s\">\n\t<div class=\"pxl-item--inner\">\n\t\t<p>En utilisant notre site, vous d\u00e9clarez explicitement avoir lu la politique de confidentialit\u00e9 de UriVabo, vous informant ainsi du traitement de vos donn\u00e9es personnelles selon les modalit\u00e9s et principes d\u00e9crits ici.<\/p><p>Notre site utilise des cookies afin d\u2019am\u00e9liorer les fonctionnalit\u00e9s qu\u2019il propose. Les cookies sont des donn\u00e9es qui sont sauvegard\u00e9es sur votre appareil et qui permettent au site de conserver certaines informations vous concernant pour une meilleure navigation.<\/p><p>Nous utilisons divers cookies pour des buts sp\u00e9cifiques :<\/p><p>\u25d9\u00a0 \u00a0 \u00a0Les cookies n\u00e9cessaires : ils sont utilis\u00e9s pour permettre \u00e0 diverses fonctionnalit\u00e9s d\u2019\u00eatre correctement utilis\u00e9es sur le site. Ces cookies ne collectent aucune donn\u00e9e personnelle ;<\/p><p>\u25d9\u00a0 \u00a0 \u00a0 \u00a0Les cookies fonctionnels : ils sont ceux qui permettent un meilleur confort lors de l\u2019utilisation de certaines fonctionnalit\u00e9s du site. Par exemple, ils peuvent enregistrer l\u2019adresse de l\u2019utilisateur pour remplir automatiquement le champ \u00ab adresse \u00bb d\u2019un formulaire et \u00e9viter \u00e0 l\u2019utilisateur de le compl\u00e9ter lui-m\u00eame.<\/p><p>En cliquant sur le bouton \u00ab j\u2019accepte \u00bb, vous acceptez l\u2019utilisation des cookies (article 6, 1, a du RGPD). Vous pouvez \u00e0 tout moment annuler cette approbation en cliquant sur le bouton \u201cPolitique de confidentialit\u00e9\u201d situ\u00e9 dans bas du site. Dans le cas o\u00f9 vous ne souhaitez pas autoriser les cookies, il se peut que l\u2019utilisation de certaines fonctionnalit\u00e9s en soient alt\u00e9r\u00e9es.<\/p>\t<\/div>\n<\/div>\n\t\t\t\t<\/div>\n\t\t\t\t<\/div>\n\t\t\t\t<div class=\"elementor-element elementor-element-7b9d6db elementor-widget elementor-widget-pxl_heading\" data-id=\"7b9d6db\" data-element_type=\"widget\" data-widget_type=\"pxl_heading.default\">\n\t\t\t\t<div class=\"elementor-widget-container\">\n\t\t\t\t\t<div class=\"pxl-heading\">\n\t<div class=\"pxl-heading--inner\">\n\t\t\t\t<h2 class=\"pxl-item--title style1 divider-none\" data-wow-delay=\"ms\" data-wow-duration=\"1.2s\">\n\t\t\tTraitement des donn\u00e9es personnelles\t\t\t\t\t<\/h2>\n\t<\/div>\n<\/div>\n\t\t\t\t<\/div>\n\t\t\t\t<\/div>\n\t\t\t\t<div class=\"elementor-element elementor-element-29c95bc elementor-widget elementor-widget-pxl_text_editor\" data-id=\"29c95bc\" data-element_type=\"widget\" data-widget_type=\"pxl_text_editor.default\">\n\t\t\t\t<div class=\"elementor-widget-container\">\n\t\t\t\t\t<div class=\"pxl-text-editor\" data-wow-delay=\"ms\" data-wow-duration=\"1.2s\">\n\t<div class=\"pxl-item--inner\">\n\t\t<p>UriVabo\u00a0op\u00e8re comme responsable du traitement en ce qui concerne les donn\u00e9es personnelles qui sont collect\u00e9es et trait\u00e9es dans le cadre de votre utilisation du site.<\/p><p>Toutes les donn\u00e9es concernant l\u2019utilisateur collect\u00e9es au travers de cookies ou formulaires du site sont stock\u00e9es dans notre base de donn\u00e9es uniquement s\u2019il a donn\u00e9 son accord au pr\u00e9alable. Ces informations ne seront pas utilis\u00e9es dans d\u2019autres conditions que celles que l\u2019utilisateur a accept\u00e9es. L\u2019utilisateur dispose d\u2019un droit de regard sur chaque information le concernant : il peut les consulter, les modifier ou encore les supprimer quand bon lui semble et sans avoir \u00e0 fournir de raison \u00e0\u00a0UriVabo . Pour ce faire, l\u2019utilisateur peut contacter le responsable du traitement des donn\u00e9es par email \u00e0 l\u2019adresse\u00a0info@urivabo.be.<\/p><p>Une fois la demande ins\u00e9r\u00e9e,\u00a0UriVabo\u00a0contactera dans les plus brefs d\u00e9lais l\u2019utilisateur afin de donner suite \u00e0 sa demande.<\/p><p>Vos donn\u00e9es pourront \u00eatre utilis\u00e9es pour :<\/p><p>\u25d9\u00a0 \u00a0 \u00a0Permettre \u00e0\u00a0 UriVabo\u00a0de r\u00e9pondre \u00e0 vos demandes ;<\/p><p>\u25d9\u00a0 \u00a0 \u00a0Fournir nos services \u00e0 l\u2019utilisateur ;<\/p><p>\u25d9\u00a0 \u00a0 \u00a0Am\u00e9liorer l\u2019exp\u00e9rience de l\u2019utilisateur ;<\/p><p>\u25d9\u00a0 \u00a0 \u00a0Analyser ces donn\u00e9es pour am\u00e9liorer le fonctionnement du site ;<\/p><p>Vos donn\u00e9es ne seront transmises \u00e0 aucun tiers sans votre consentement.\u00a0 UriVabo \u00a0ne divulgue(ra) pas vos donn\u00e9es \u00e0 caract\u00e8re personnel \u00e0 des tiers \u00e0 des fins de marketing direct, ni ne traite vos donn\u00e9es personnelles \u00e0 des fins de prospection, y compris de profilage.<\/p>\t<\/div>\n<\/div>\n\t\t\t\t<\/div>\n\t\t\t\t<\/div>\n\t\t\t\t<div class=\"elementor-element elementor-element-40b72a1 elementor-widget elementor-widget-pxl_heading\" data-id=\"40b72a1\" data-element_type=\"widget\" data-widget_type=\"pxl_heading.default\">\n\t\t\t\t<div class=\"elementor-widget-container\">\n\t\t\t\t\t<div class=\"pxl-heading\">\n\t<div class=\"pxl-heading--inner\">\n\t\t\t\t<h2 class=\"pxl-item--title style1 divider-none\" data-wow-delay=\"ms\" data-wow-duration=\"1.2s\">\n\t\t\tS\u00e9curit\u00e9\t\t\t\t\t<\/h2>\n\t<\/div>\n<\/div>\n\t\t\t\t<\/div>\n\t\t\t\t<\/div>\n\t\t\t\t<div class=\"elementor-element elementor-element-de305ed elementor-widget elementor-widget-pxl_text_editor\" data-id=\"de305ed\" data-element_type=\"widget\" data-widget_type=\"pxl_text_editor.default\">\n\t\t\t\t<div class=\"elementor-widget-container\">\n\t\t\t\t\t<div class=\"pxl-text-editor\" data-wow-delay=\"ms\" data-wow-duration=\"1.2s\">\n\t<div class=\"pxl-item--inner\">\n\t\t<p>Nous faisons des efforts raisonnables pour prot\u00e9ger les informations personnelles des Utilisateurs, mais aucune entreprise, y compris notre SOCI\u00c9T\u00c9, ne peut \u00e9liminer compl\u00e8tement les risques de s\u00e9curit\u00e9 li\u00e9s au traitement des informations sur Internet. Par exemple, les informations personnelles de nos Utilisateurs peuvent \u00eatre affect\u00e9es par des actes ind\u00e9pendants de notre volont\u00e9, tels que le \u00ab piratage informatique \u00bb et le vol physique. L\u2019Utilisateur reconna\u00eet qu\u2019il fournit ses informations personnelles \u00e0 ses propres risques.<\/p>\t<\/div>\n<\/div>\n\t\t\t\t<\/div>\n\t\t\t\t<\/div>\n\t\t\t\t<div class=\"elementor-element elementor-element-473b7f4 elementor-widget elementor-widget-pxl_text_editor\" data-id=\"473b7f4\" data-element_type=\"widget\" data-widget_type=\"pxl_text_editor.default\">\n\t\t\t\t<div class=\"elementor-widget-container\">\n\t\t\t\t\t<div class=\"pxl-text-editor\" data-wow-delay=\"ms\" data-wow-duration=\"1.2s\">\n\t<div class=\"pxl-item--inner\">\n\t\t<p>Tout contenu que vous soumettez sur le site reste votre propri\u00e9t\u00e9 intellectuelle. Cependant, en publiant du contenu sur le site, vous nous accordez une licence mondiale non exclusive pour utiliser, distribuer, reproduire et afficher le contenu.<\/p>\t<\/div>\n<\/div>\n\t\t\t\t<\/div>\n\t\t\t\t<\/div>\n\t\t\t\t<div class=\"elementor-element elementor-element-695485b elementor-widget elementor-widget-pxl_text_editor\" data-id=\"695485b\" data-element_type=\"widget\" data-widget_type=\"pxl_text_editor.default\">\n\t\t\t\t<div class=\"elementor-widget-container\">\n\t\t\t\t\t<div class=\"pxl-text-editor\" data-wow-delay=\"ms\" data-wow-duration=\"1.2s\">\n\t<div class=\"pxl-item--inner\">\n\t\t<p>Le site est fourni &#8220;tel quel&#8221; et nous ne faisons aucune garantie quant \u00e0 son fonctionnement ininterrompu, \u00e0 son exactitude ou \u00e0 son ad\u00e9quation \u00e0 un usage sp\u00e9cifique. Nous ne serons en aucun cas responsables des dommages directs, indirects, sp\u00e9ciaux ou cons\u00e9cutifs r\u00e9sultant de l&#8217;utilisation de ce site.<\/p>\t<\/div>\n<\/div>\n\t\t\t\t<\/div>\n\t\t\t\t<\/div>\n\t\t\t\t\t<\/div>\n\t\t<\/div>\n\t\t\t\t\t<\/div>\n\t\t<\/section>\n\t\t        <section class=\"elementor-section elementor-top-section elementor-element elementor-element-6a0fc3a pxl-section-bg-overlay elementor-section-full_width elementor-section-height-default elementor-section-height-default pxl-section-offset-none pxl-row-scroll-none pxl-show-grid-none\" data-id=\"6a0fc3a\" data-element_type=\"section\">\n\n                \n                <div class=\"elementor-container elementor-column-gap-default\">\n                    <div class=\"elementor-row\">\n                <div class=\"elementor-column elementor-col-100 elementor-top-column elementor-element elementor-element-4a95624 pxl-column-none\" data-id=\"4a95624\" data-element_type=\"column\">\r\n            <div class=\"elementor-column-wrap\">\r\n                                        <div class=\"elementor-widget-wrap\">\r\n                \t\t\t<\/div>\n\t\t<\/div>\n\t\t\t\t\t<\/div>\n\t\t<\/section>\n\t\t        <section class=\"elementor-section elementor-top-section elementor-element elementor-element-ca9b068 pxl-section-1300 pxl-section-bg-overlay elementor-section-boxed elementor-section-height-default elementor-section-height-default pxl-row-scroll-none pxl-show-grid-none\" data-id=\"ca9b068\" data-element_type=\"section\">\n\n                \n                <div class=\"elementor-container elementor-column-gap-default\">\n                    <div class=\"elementor-row\">\n                <div class=\"elementor-column elementor-col-100 elementor-top-column elementor-element elementor-element-3609ee3 pxl-column-none\" data-id=\"3609ee3\" data-element_type=\"column\">\r\n            <div class=\"elementor-column-wrap\">\r\n                                        <div class=\"elementor-widget-wrap\">\r\n                \t\t\t<\/div>\n\t\t<\/div>\n\t\t\t\t\t<\/div>\n\t\t<\/section>\n\t\t\t\t<\/div>","protected":false},"excerpt":{"rendered":"<p>Condition G\u00e9n\u00e9rale d\u2019utilisation Gestion des cookies En utilisant notre site, vous d\u00e9clarez explicitement avoir lu la politique de confidentialit\u00e9 de UriVabo, vous informant ainsi du traitement de vos donn\u00e9es personnelles selon les modalit\u00e9s et principes d\u00e9crits ici. Notre site utilise des cookies afin d\u2019am\u00e9liorer les fonctionnalit\u00e9s qu\u2019il propose. Les cookies sont des donn\u00e9es qui sont [&hellip;]<\/p>\n","protected":false},"author":1,"featured_media":0,"parent":0,"menu_order":0,"comment_status":"closed","ping_status":"open","template":"","meta":{"footnotes":""},"class_list":["post-8021","page","type-page","status-publish","hentry"],"yoast_head":"<!-- This site is optimized with the Yoast SEO plugin v27.5 - https:\/\/yoast.com\/product\/yoast-seo-wordpress\/ -->\n<title>Condition G\u00e9n\u00e9rale d&#039;utilisation | UriVabo, Donnez une seconde vie \u00e0 l&#039;eau<\/title>\n<meta name=\"robots\" content=\"index, follow, max-snippet:-1, max-image-preview:large, max-video-preview:-1\" \/>\n<link rel=\"canonical\" href=\"https:\/\/urivabo.be\/en\/condition-generale-dutilisation\/\" \/>\n<meta property=\"og:locale\" content=\"en_US\" \/>\n<meta property=\"og:type\" content=\"article\" \/>\n<meta property=\"og:title\" content=\"Condition G\u00e9n\u00e9rale d&#039;utilisation | UriVabo, Donnez une seconde vie \u00e0 l&#039;eau\" \/>\n<meta property=\"og:description\" content=\"Condition G\u00e9n\u00e9rale d\u2019utilisation Gestion des cookies En utilisant notre site, vous d\u00e9clarez explicitement avoir lu la politique de confidentialit\u00e9 de UriVabo, vous informant ainsi du traitement de vos donn\u00e9es personnelles selon les modalit\u00e9s et principes d\u00e9crits ici. Notre site utilise des cookies afin d\u2019am\u00e9liorer les fonctionnalit\u00e9s qu\u2019il propose. Les cookies sont des donn\u00e9es qui sont [&hellip;]\" \/>\n<meta property=\"og:url\" content=\"https:\/\/urivabo.be\/en\/condition-generale-dutilisation\/\" \/>\n<meta property=\"og:site_name\" content=\"UriVabo\" \/>\n<meta property=\"article:modified_time\" content=\"2023-08-30T14:24:41+00:00\" \/>\n<meta name=\"twitter:card\" content=\"summary_large_image\" \/>\n<meta name=\"twitter:label1\" content=\"Est. reading time\" \/>\n\t<meta name=\"twitter:data1\" content=\"4 minutes\" \/>\n<script type=\"application\/ld+json\" class=\"yoast-schema-graph\">{\"@context\":\"https:\\\/\\\/schema.org\",\"@graph\":[{\"@type\":\"WebPage\",\"@id\":\"https:\\\/\\\/urivabo.be\\\/condition-generale-dutilisation\\\/\",\"url\":\"https:\\\/\\\/urivabo.be\\\/condition-generale-dutilisation\\\/\",\"name\":\"Condition G\u00e9n\u00e9rale d'utilisation | UriVabo, Donnez une seconde vie \u00e0 l'eau\",\"isPartOf\":{\"@id\":\"https:\\\/\\\/urivabo.be\\\/#website\"},\"datePublished\":\"2023-08-09T10:25:23+00:00\",\"dateModified\":\"2023-08-30T14:24:41+00:00\",\"breadcrumb\":{\"@id\":\"https:\\\/\\\/urivabo.be\\\/condition-generale-dutilisation\\\/#breadcrumb\"},\"inLanguage\":\"en-US\",\"potentialAction\":[{\"@type\":\"ReadAction\",\"target\":[\"https:\\\/\\\/urivabo.be\\\/condition-generale-dutilisation\\\/\"]}]},{\"@type\":\"BreadcrumbList\",\"@id\":\"https:\\\/\\\/urivabo.be\\\/condition-generale-dutilisation\\\/#breadcrumb\",\"itemListElement\":[{\"@type\":\"ListItem\",\"position\":1,\"name\":\"Accueil\",\"item\":\"https:\\\/\\\/urivabo.be\\\/\"},{\"@type\":\"ListItem\",\"position\":2,\"name\":\"Condition G\u00e9n\u00e9rale d&#8217;utilisation\"}]},{\"@type\":\"WebSite\",\"@id\":\"https:\\\/\\\/urivabo.be\\\/#website\",\"url\":\"https:\\\/\\\/urivabo.be\\\/\",\"name\":\"UriVabo\",\"description\":\"Donnez une seconde vie \u00e0 l\u2019eau !\",\"publisher\":{\"@id\":\"https:\\\/\\\/urivabo.be\\\/#organization\"},\"potentialAction\":[{\"@type\":\"SearchAction\",\"target\":{\"@type\":\"EntryPoint\",\"urlTemplate\":\"https:\\\/\\\/urivabo.be\\\/?s={search_term_string}\"},\"query-input\":{\"@type\":\"PropertyValueSpecification\",\"valueRequired\":true,\"valueName\":\"search_term_string\"}}],\"inLanguage\":\"en-US\"},{\"@type\":\"Organization\",\"@id\":\"https:\\\/\\\/urivabo.be\\\/#organization\",\"name\":\"UriVabo\",\"url\":\"https:\\\/\\\/urivabo.be\\\/\",\"logo\":{\"@type\":\"ImageObject\",\"inLanguage\":\"en-US\",\"@id\":\"https:\\\/\\\/urivabo.be\\\/#\\\/schema\\\/logo\\\/image\\\/\",\"url\":\"https:\\\/\\\/urivabo.be\\\/wp-content\\\/uploads\\\/2023\\\/07\\\/cropped-urivabo1.png\",\"contentUrl\":\"https:\\\/\\\/urivabo.be\\\/wp-content\\\/uploads\\\/2023\\\/07\\\/cropped-urivabo1.png\",\"width\":333,\"height\":122,\"caption\":\"UriVabo\"},\"image\":{\"@id\":\"https:\\\/\\\/urivabo.be\\\/#\\\/schema\\\/logo\\\/image\\\/\"}}]}<\/script>\n<!-- \/ Yoast SEO plugin. -->","yoast_head_json":{"title":"Condition G\u00e9n\u00e9rale d'utilisation | UriVabo, Donnez une seconde vie \u00e0 l'eau","robots":{"index":"index","follow":"follow","max-snippet":"max-snippet:-1","max-image-preview":"max-image-preview:large","max-video-preview":"max-video-preview:-1"},"canonical":"https:\/\/urivabo.be\/en\/condition-generale-dutilisation\/","og_locale":"en_US","og_type":"article","og_title":"Condition G\u00e9n\u00e9rale d'utilisation | UriVabo, Donnez une seconde vie \u00e0 l'eau","og_description":"Condition G\u00e9n\u00e9rale d\u2019utilisation Gestion des cookies En utilisant notre site, vous d\u00e9clarez explicitement avoir lu la politique de confidentialit\u00e9 de UriVabo, vous informant ainsi du traitement de vos donn\u00e9es personnelles selon les modalit\u00e9s et principes d\u00e9crits ici. Notre site utilise des cookies afin d\u2019am\u00e9liorer les fonctionnalit\u00e9s qu\u2019il propose. Les cookies sont des donn\u00e9es qui sont [&hellip;]","og_url":"https:\/\/urivabo.be\/en\/condition-generale-dutilisation\/","og_site_name":"UriVabo","article_modified_time":"2023-08-30T14:24:41+00:00","twitter_card":"summary_large_image","twitter_misc":{"Est. reading time":"4 minutes"},"schema":{"@context":"https:\/\/schema.org","@graph":[{"@type":"WebPage","@id":"https:\/\/urivabo.be\/condition-generale-dutilisation\/","url":"https:\/\/urivabo.be\/condition-generale-dutilisation\/","name":"Condition G\u00e9n\u00e9rale d'utilisation | UriVabo, Donnez une seconde vie \u00e0 l'eau","isPartOf":{"@id":"https:\/\/urivabo.be\/#website"},"datePublished":"2023-08-09T10:25:23+00:00","dateModified":"2023-08-30T14:24:41+00:00","breadcrumb":{"@id":"https:\/\/urivabo.be\/condition-generale-dutilisation\/#breadcrumb"},"inLanguage":"en-US","potentialAction":[{"@type":"ReadAction","target":["https:\/\/urivabo.be\/condition-generale-dutilisation\/"]}]},{"@type":"BreadcrumbList","@id":"https:\/\/urivabo.be\/condition-generale-dutilisation\/#breadcrumb","itemListElement":[{"@type":"ListItem","position":1,"name":"Accueil","item":"https:\/\/urivabo.be\/"},{"@type":"ListItem","position":2,"name":"Condition G\u00e9n\u00e9rale d&#8217;utilisation"}]},{"@type":"WebSite","@id":"https:\/\/urivabo.be\/#website","url":"https:\/\/urivabo.be\/","name":"UriVabo","description":"Give water a second life!","publisher":{"@id":"https:\/\/urivabo.be\/#organization"},"potentialAction":[{"@type":"SearchAction","target":{"@type":"EntryPoint","urlTemplate":"https:\/\/urivabo.be\/?s={search_term_string}"},"query-input":{"@type":"PropertyValueSpecification","valueRequired":true,"valueName":"search_term_string"}}],"inLanguage":"en-US"},{"@type":"Organization","@id":"https:\/\/urivabo.be\/#organization","name":"UriVabo","url":"https:\/\/urivabo.be\/","logo":{"@type":"ImageObject","inLanguage":"en-US","@id":"https:\/\/urivabo.be\/#\/schema\/logo\/image\/","url":"https:\/\/urivabo.be\/wp-content\/uploads\/2023\/07\/cropped-urivabo1.png","contentUrl":"https:\/\/urivabo.be\/wp-content\/uploads\/2023\/07\/cropped-urivabo1.png","width":333,"height":122,"caption":"UriVabo"},"image":{"@id":"https:\/\/urivabo.be\/#\/schema\/logo\/image\/"}}]}},"_links":{"self":[{"href":"https:\/\/urivabo.be\/en\/wp-json\/wp\/v2\/pages\/8021","targetHints":{"allow":["GET"]}}],"collection":[{"href":"https:\/\/urivabo.be\/en\/wp-json\/wp\/v2\/pages"}],"about":[{"href":"https:\/\/urivabo.be\/en\/wp-json\/wp\/v2\/types\/page"}],"author":[{"embeddable":true,"href":"https:\/\/urivabo.be\/en\/wp-json\/wp\/v2\/users\/1"}],"replies":[{"embeddable":true,"href":"https:\/\/urivabo.be\/en\/wp-json\/wp\/v2\/comments?post=8021"}],"version-history":[{"count":13,"href":"https:\/\/urivabo.be\/en\/wp-json\/wp\/v2\/pages\/8021\/revisions"}],"predecessor-version":[{"id":8372,"href":"https:\/\/urivabo.be\/en\/wp-json\/wp\/v2\/pages\/8021\/revisions\/8372"}],"wp:attachment":[{"href":"https:\/\/urivabo.be\/en\/wp-json\/wp\/v2\/media?parent=8021"}],"curies":[{"name":"wp","href":"https:\/\/api.w.org\/{rel}","templated":true}]}}